{"id":2703,"date":"2015-11-10T18:22:03","date_gmt":"2015-11-10T18:22:03","guid":{"rendered":"http:\/\/heikevigl.it\/storyteller\/?page_id=2703"},"modified":"2021-02-09T01:56:46","modified_gmt":"2021-02-09T01:56:46","slug":"referenzen","status":"publish","type":"page","link":"https:\/\/heikevigl.it\/storyteller\/referenzen\/","title":{"rendered":"Referenzen"},"content":{"rendered":"<section class=\"wpb-content-wrapper\"><p>[vc_row columns_height=&#8221;adjust_cols_height&#8221; background_style=&#8221;normal&#8221;][vc_column width=&#8221;1\/2&#8243; css=&#8221;.vc_custom_1447179645845{background-image: url(http:\/\/heikevigl.it\/storyteller\/wp-content\/uploads\/2015\/11\/referenzen-heike.jpg?id=2702) !important;background-position: center !important;background-repeat: no-repeat !important;background-size: cover !important;}&#8221;][vc_empty_space height=&#8221;350px&#8221;][\/vc_column][vc_column width=&#8221;1\/2&#8243; css=&#8221;.vc_custom_1612835805447{padding-top: 8% !important;padding-right: 8% !important;padding-bottom: 8% !important;padding-left: 8% !important;}&#8221;][vc_column_text]<\/p>\n<h3>Wo ich schon erz\u00e4hlt habe:<\/h3>\n<p><strong>Festivals<\/strong><\/p>\n<ul>\n<li>Internationales Erz\u00e4hlkunstfestival <em>&#8220;Zauberwort&#8221;<\/em> in N\u00fcrnberg 2015<\/li>\n<li>Internationales Erz\u00e4hlkunstfestival <em>\u201cRaccontamiunastoria\u201d<\/em> 2013, 2015 in Rom<\/li>\n<li><em>Storytelling Time<\/em> 2013, 2014, 2015 in Bozen<\/li>\n<li>Erz\u00e4hlkunstfestival in Brixen 2014, 2012, 2010<\/li>\n<li>Erz\u00e4hlfest 2014 in Hannover<\/li>\n<\/ul>\n<p><strong>Erz\u00e4hlkunst &amp; Klang am Totensee<\/strong>:<\/p>\n<ul>\n<li>2015, 2014, 2013, 2012, 2011, 2010<\/li>\n<\/ul>\n<p><strong>Erz\u00e4hlorte in S\u00fcdtirol:<\/strong><\/p>\n<ul>\n<li>Kommende Lengmoos, Stollenkonzerte im Bergwerk Ridnaun, Rohrerhaus Sarnthein, Schloss Feldthurns, Schloss Wolfsthurn, Pfunderer Bergwerk Villanders, Schloss Goldrain, Bildungsausschuss Barbian, Archeopark Villanders, JUX Lana<\/li>\n<\/ul>\n<p><strong>Bibliotheken<\/strong>:<\/p>\n<ul>\n<li>Eppan, Feldthurns, Kaltern, Kastelruth, Klausen, Kurtatsch, Laas,\u00a0 Latzfons, Mauls, Meran, Salurn, Schlandersburg in\u00a0Schlanders, Stern im Gadertal, Villn\u00f6ss, V\u00f6ls, V\u00f6ran<\/li>\n<\/ul>\n<p><strong>Ausw\u00e4rts<\/strong><\/p>\n<ul>\n<li><strong>A: <\/strong>Seefeld, Bugo (B\u00fccherei G\u00f6fis, Vorarlberg), Villa Falkenhorst (Vorarlberg), M\u00e4rchenwoche im Stubaital: 2015, 2014, 2013, 2012, M\u00e4rchenwoche im Defreggental: 2010<\/li>\n<li><strong>D:<\/strong>\u00a0M\u00fcnchen &#8211; Gasteig<\/li>\n<li><strong>CH:<\/strong>\u00a0MundArt Stubete in Bad Zugzach 2014, 10. Erz\u00e4hlnacht auf der <a href=\"http:\/\/heikevigl.it\/storyteller\/wp-content\/uploads\/2014\/07\/Grubenberghuette.pdf\" target=\"_blank\" rel=\"noopener\">Grubenbergh\u00fctte<\/a> (Gstaad)<\/li>\n<li><a href=\"http:\/\/heikevigl.it\/storyteller\/wp-content\/uploads\/2015\/11\/Ritten-in-FAZ_Glauert.pdf\" target=\"_blank\" rel=\"noopener\">Bericht in der FAZ<\/a><\/li>\n<\/ul>\n<p><a href=\"http:\/\/heikevigl.it\/storyteller\/wp-content\/uploads\/2014\/07\/Logo_VEE.jpg\"><img loading=\"lazy\" decoding=\"async\" class=\"alignnone size-medium wp-image-2552\" src=\"http:\/\/heikevigl.it\/storyteller\/wp-content\/uploads\/2014\/07\/Logo_VEE-300x92.jpg\" alt=\"Logo_VEE\" width=\"300\" height=\"92\" srcset=\"https:\/\/heikevigl.it\/storyteller\/wp-content\/uploads\/2014\/07\/Logo_VEE-300x92.jpg 300w, https:\/\/heikevigl.it\/storyteller\/wp-content\/uploads\/2014\/07\/Logo_VEE-1024x315.jpg 1024w, https:\/\/heikevigl.it\/storyteller\/wp-content\/uploads\/2014\/07\/Logo_VEE.jpg 1536w\" sizes=\"auto, (max-width: 300px) 100vw, 300px\" \/><\/a><br \/>\nHeike Vigl ist Mitglied beim Verein Deutscher Erz\u00e4hler und Erz\u00e4hlerin.[\/vc_column_text][\/vc_column][\/vc_row]<\/p>\n<\/section>","protected":false},"excerpt":{"rendered":"<p>[vc_row columns_height=&#8221;adjust_cols_height&#8221; background_style=&#8221;normal&#8221;][vc_column width=&#8221;1\/2&#8243; css=&#8221;.vc_custom_1447179645845{background-image: url(http:\/\/heikevigl.it\/storyteller\/wp-content\/uploads\/2015\/11\/referenzen-heike.jpg?id=2702) !important;background-position: center !important;background-repeat: no-repeat !important;background-size: cover !important;}&#8221;][vc_empty_space height=&#8221;350px&#8221;][\/vc_column][vc_column width=&#8221;1\/2&#8243; css=&#8221;.vc_custom_1612835805447{padding-top: 8% !important;padding-right: 8% !important;padding-bottom: 8% !important;padding-left: 8% !important;}&#8221;][vc_column_text] Wo ich schon erz\u00e4hlt habe: Festivals Internationales Erz\u00e4hlkunstfestival &#8220;Zauberwort&#8221; in N\u00fcrnberg 2015 Internationales Erz\u00e4hlkunstfestival \u201cRaccontamiunastoria\u201d 2013, 2015 in Rom Storytelling Time 2013, 2014, 2015 in Bozen Erz\u00e4hlkunstfestival in Brixen 2014, 2012, [&hellip;]<\/p>\n","protected":false},"author":1,"featured_media":0,"parent":0,"menu_order":0,"comment_status":"closed","ping_status":"closed","template":"page-full-width.php","meta":{"footnotes":""},"class_list":["post-2703","page","type-page","status-publish","hentry"],"publishpress_future_action":{"enabled":false,"date":"2026-04-23 22:47:21","action":"change-status","newStatus":"draft","terms":[],"taxonomy":"","extraData":[]},"publishpress_future_workflow_manual_trigger":{"enabledWorkflows":[]},"_links":{"self":[{"href":"https:\/\/heikevigl.it\/storyteller\/wp-json\/wp\/v2\/pages\/2703","targetHints":{"allow":["GET"]}}],"collection":[{"href":"https:\/\/heikevigl.it\/storyteller\/wp-json\/wp\/v2\/pages"}],"about":[{"href":"https:\/\/heikevigl.it\/storyteller\/wp-json\/wp\/v2\/types\/page"}],"author":[{"embeddable":true,"href":"https:\/\/heikevigl.it\/storyteller\/wp-json\/wp\/v2\/users\/1"}],"replies":[{"embeddable":true,"href":"https:\/\/heikevigl.it\/storyteller\/wp-json\/wp\/v2\/comments?post=2703"}],"version-history":[{"count":16,"href":"https:\/\/heikevigl.it\/storyteller\/wp-json\/wp\/v2\/pages\/2703\/revisions"}],"predecessor-version":[{"id":3481,"href":"https:\/\/heikevigl.it\/storyteller\/wp-json\/wp\/v2\/pages\/2703\/revisions\/3481"}],"wp:attachment":[{"href":"https:\/\/heikevigl.it\/storyteller\/wp-json\/wp\/v2\/media?parent=2703"}],"curies":[{"name":"wp","href":"https:\/\/api.w.org\/{rel}","templated":true}]}}