{"id":265,"date":"2014-11-18T16:08:21","date_gmt":"2014-11-18T16:08:21","guid":{"rendered":"http:\/\/shopkeeper.getbowtied.com\/blank\/?page_id=265"},"modified":"2022-06-10T10:02:59","modified_gmt":"2022-06-10T10:02:59","slug":"erzaehlen-als-gesamtkunstwerk","status":"publish","type":"page","link":"https:\/\/heikevigl.it\/storyteller\/","title":{"rendered":"Erz\u00e4hlen als GesamtKunstwerk"},"content":{"rendered":"<section class=\"wpb-content-wrapper\"><p>[vc_row font_color=&#8221;#000000&#8243; css=&#8221;.vc_custom_1446566888728{padding-top: 15% !important;padding-bottom: 10% !important;background-image: url(http:\/\/heikevigl.it\/storyteller\/wp-content\/uploads\/2014\/11\/header-heike-vigl.jpg?id=2513) !important;background-position: center !important;background-repeat: no-repeat !important;background-size: cover !important;}&#8221; background_style=&#8221;normal&#8221;][vc_column css=&#8221;.vc_custom_1435070515181{padding-top: 5% !important;padding-bottom: 5% !important;}&#8221;][vc_row_inner type=&#8221;boxed&#8221;][\/vc_row_inner][\/vc_column][\/vc_row][vc_row font_color=&#8221;#000000&#8243; css=&#8221;.vc_custom_1553265423967{padding-top: 85px !important;padding-bottom: 50px !important;background-position: center !important;background-repeat: no-repeat !important;background-size: cover !important;}&#8221; background_style=&#8221;normal&#8221;][vc_column][vc_row_inner type=&#8221;boxed&#8221;][vc_column_inner width=&#8221;1\/12&#8243;][vc_column_text css=&#8221;.vc_custom_1410268154986{margin-bottom: 1px !important;}&#8221;][\/vc_column_text][\/vc_column_inner][vc_column_inner width=&#8221;1\/3&#8243;][vc_column_text css_animation=&#8221;bottom-to-top&#8221;]<\/p>\n<h3><strong>Erz\u00e4hlen als GesamtKunstwerk,<\/strong><br \/>\nweil Vielfalt mein Sein ausmacht<\/h3>\n<p>[\/vc_column_text][\/vc_column_inner][vc_column_inner width=&#8221;1\/2&#8243;][vc_column_text css=&#8221;.vc_custom_1435070754020{margin-bottom: 0px !important;}&#8221; css_animation=&#8221;bottom-to-top&#8221;]<i>Erz\u00e4hlkunst<\/i> ist die Kunst, Menschen mit frei erz\u00e4hlten Geschichten zu fesseln, mit Worten, Stimme, Gestik und Mimik zu spielen, kurz: es ist Kino im Kopf.<\/p>\n<p><i>Klangkunst<\/i> ist die Kunst, meiner Querfl\u00f6te und Harfe Kl\u00e4nge, Melodien und Ger\u00e4usche zu entlocken und sie mit meinen Geschichten zu verweben, kurz: die Musik zum Kino im Kopf.<\/p>\n<p><i>Kleiderkunst<\/i> ist das T\u00fcpfelchen auf dem I. Das perfekte Kleid zur Geschichte &#8211; meist selbst geschneidert und kreiert &#8211; regt die Sinne an, kurz: das Outfit zum Kino im Kopf.<br \/>\n[\/vc_column_text][\/vc_column_inner][vc_column_inner width=&#8221;1\/12&#8243;][\/vc_column_inner][\/vc_row_inner][\/vc_column][\/vc_row][vc_row type=&#8221;boxed&#8221; font_color=&#8221;#000000&#8243; css=&#8221;.vc_custom_1555522847683{border-top-width: 60px !important;border-bottom-width: 80px !important;padding-top: 3% !important;padding-bottom: 5% !important;}&#8221;][vc_column][vc_column_text]<\/p>\n<h2 style=\"text-align: center;\"><strong>Meine n\u00e4chsten Termine<\/strong><\/h2>\n<p>[\/vc_column_text][vc_basic_grid post_type=&#8221;post&#8221; max_items=&#8221;3&#8243; gap=&#8221;25&#8243; order=&#8221;ASC&#8221; grid_id=&#8221;vc_gid:1654855368356-3a1a4da6-f596-9&#8243; taxonomies=&#8221;173&#8243;][vc_empty_space height=&#8221;50px&#8221;][vc_row_inner type=&#8221;boxed&#8221;][\/vc_row_inner][vc_separator][\/vc_column][\/vc_row][vc_row css=&#8221;.vc_custom_1410183953618{border-top-width: 80px !important;border-bottom-width: 80px !important;padding-top: 5% !important;padding-bottom: 5% !important;background-color: #f3f3f3 !important;}&#8221; background_style=&#8221;normal&#8221;][vc_column][vc_row_inner type=&#8221;boxed&#8221;][vc_column_inner width=&#8221;1\/2&#8243;][vc_column_text css=&#8221;.vc_custom_1435073868599{margin-bottom: 20px !important;}&#8221; css_animation=&#8221;bottom-to-top&#8221;]<img loading=\"lazy\" decoding=\"async\" class=\"aligncenter wp-image-272 size-full\" src=\"http:\/\/heikevigl.it\/storyteller\/wp-content\/uploads\/2015\/06\/heike-vigl-erzaehlerin.jpg\" alt=\"free-1\" width=\"800\" height=\"700\" \/>[\/vc_column_text][\/vc_column_inner][vc_column_inner width=&#8221;1\/2&#8243;][vc_column_text css=&#8221;.vc_custom_1435073887211{margin-bottom: 20px !important;}&#8221; css_animation=&#8221;bottom-to-top&#8221;]<img loading=\"lazy\" decoding=\"async\" class=\"aligncenter wp-image-272 size-full\" src=\"http:\/\/heikevigl.it\/storyteller\/wp-content\/uploads\/2015\/06\/erzaehlende-haende.jpg\" alt=\"free-1\" width=\"800\" height=\"700\" \/>[\/vc_column_text][\/vc_column_inner][\/vc_row_inner][vc_row_inner type=&#8221;boxed&#8221;][vc_column_inner width=&#8221;1\/1&#8243;][vc_column_text css=&#8221;.vc_custom_1435073991175{margin-bottom: 20px !important;}&#8221; css_animation=&#8221;bottom-to-top&#8221;]<img loading=\"lazy\" decoding=\"async\" class=\"aligncenter wp-image-273 size-full\" src=\"http:\/\/heikevigl.it\/storyteller\/wp-content\/uploads\/2015\/06\/heike-querfloete.jpg\" alt=\"free-2\" width=\"1600\" height=\"700\" \/>[\/vc_column_text][\/vc_column_inner][\/vc_row_inner][vc_row_inner type=&#8221;boxed&#8221;][vc_column_inner width=&#8221;1\/2&#8243;][vc_column_text css=&#8221;.vc_custom_1435073970872{margin-bottom: 20px !important;}&#8221; css_animation=&#8221;bottom-to-top&#8221;]<img loading=\"lazy\" decoding=\"async\" class=\"aligncenter wp-image-272 size-full\" src=\"http:\/\/heikevigl.it\/storyteller\/wp-content\/uploads\/2015\/06\/heike-vigl-mit-harfe.jpg\" alt=\"free-1\" width=\"800\" height=\"700\" \/>[\/vc_column_text][\/vc_column_inner][vc_column_inner width=&#8221;1\/2&#8243;][vc_column_text css=&#8221;.vc_custom_1435074013479{margin-bottom: 20px !important;}&#8221; css_animation=&#8221;bottom-to-top&#8221;]<img loading=\"lazy\" decoding=\"async\" class=\"aligncenter wp-image-272 size-full\" src=\"http:\/\/heikevigl.it\/storyteller\/wp-content\/uploads\/2015\/06\/kunstwerk.jpg\" alt=\"free-1\" width=\"800\" height=\"700\" \/>[\/vc_column_text][\/vc_column_inner][\/vc_row_inner][\/vc_column][\/vc_row]<\/p>\n<\/section>","protected":false},"excerpt":{"rendered":"<p>[vc_row font_color=&#8221;#000000&#8243; css=&#8221;.vc_custom_1446566888728{padding-top: 15% !important;padding-bottom: 10% !important;background-image: url(http:\/\/heikevigl.it\/storyteller\/wp-content\/uploads\/2014\/11\/header-heike-vigl.jpg?id=2513) !important;background-position: center !important;background-repeat: no-repeat !important;background-size: cover !important;}&#8221; background_style=&#8221;normal&#8221;][vc_column css=&#8221;.vc_custom_1435070515181{padding-top: 5% !important;padding-bottom: 5% !important;}&#8221;][vc_row_inner type=&#8221;boxed&#8221;][\/vc_row_inner][\/vc_column][\/vc_row][vc_row font_color=&#8221;#000000&#8243; css=&#8221;.vc_custom_1553265423967{padding-top: 85px !important;padding-bottom: 50px !important;background-position: center !important;background-repeat: no-repeat !important;background-size: cover !important;}&#8221; background_style=&#8221;normal&#8221;][vc_column][vc_row_inner type=&#8221;boxed&#8221;][vc_column_inner width=&#8221;1\/12&#8243;][vc_column_text css=&#8221;.vc_custom_1410268154986{margin-bottom: 1px !important;}&#8221;][\/vc_column_text][\/vc_column_inner][vc_column_inner width=&#8221;1\/3&#8243;][vc_column_text css_animation=&#8221;bottom-to-top&#8221;] Erz\u00e4hlen als GesamtKunstwerk, weil Vielfalt mein Sein ausmacht [\/vc_column_text][\/vc_column_inner][vc_column_inner width=&#8221;1\/2&#8243;][vc_column_text css=&#8221;.vc_custom_1435070754020{margin-bottom: 0px !important;}&#8221; [&hellip;]<\/p>\n","protected":false},"author":1,"featured_media":0,"parent":231,"menu_order":0,"comment_status":"closed","ping_status":"closed","template":"page-full-width.php","meta":{"footnotes":""},"class_list":["post-265","page","type-page","status-publish","hentry"],"publishpress_future_action":{"enabled":false,"date":"2026-04-28 10:40:21","action":"change-status","newStatus":"draft","terms":[],"taxonomy":"","extraData":[]},"publishpress_future_workflow_manual_trigger":{"enabledWorkflows":[]},"_links":{"self":[{"href":"https:\/\/heikevigl.it\/storyteller\/wp-json\/wp\/v2\/pages\/265","targetHints":{"allow":["GET"]}}],"collection":[{"href":"https:\/\/heikevigl.it\/storyteller\/wp-json\/wp\/v2\/pages"}],"about":[{"href":"https:\/\/heikevigl.it\/storyteller\/wp-json\/wp\/v2\/types\/page"}],"author":[{"embeddable":true,"href":"https:\/\/heikevigl.it\/storyteller\/wp-json\/wp\/v2\/users\/1"}],"replies":[{"embeddable":true,"href":"https:\/\/heikevigl.it\/storyteller\/wp-json\/wp\/v2\/comments?post=265"}],"version-history":[{"count":52,"href":"https:\/\/heikevigl.it\/storyteller\/wp-json\/wp\/v2\/pages\/265\/revisions"}],"predecessor-version":[{"id":3761,"href":"https:\/\/heikevigl.it\/storyteller\/wp-json\/wp\/v2\/pages\/265\/revisions\/3761"}],"up":[{"embeddable":true,"href":"https:\/\/heikevigl.it\/storyteller\/wp-json\/wp\/v2\/pages\/231"}],"wp:attachment":[{"href":"https:\/\/heikevigl.it\/storyteller\/wp-json\/wp\/v2\/media?parent=265"}],"curies":[{"name":"wp","href":"https:\/\/api.w.org\/{rel}","templated":true}]}}