{"id":245,"date":"2014-11-18T15:35:11","date_gmt":"2014-11-18T15:35:11","guid":{"rendered":"http:\/\/shopkeeper.getbowtied.com\/blank\/?page_id=245"},"modified":"2024-09-18T09:53:13","modified_gmt":"2024-09-18T07:53:13","slug":"impressum","status":"publish","type":"page","link":"https:\/\/heikevigl.it\/storyteller\/impressum\/","title":{"rendered":"Impressum"},"content":{"rendered":"<section class=\"wpb-content-wrapper\"><p>[vc_row css=&#8221;.vc_custom_1410358112693{padding-top: 45px !important;padding-bottom: 45px !important;}&#8221; background_style=&#8221;normal&#8221;][vc_column css=&#8221;.vc_custom_1410358381468{padding-top: 3% !important;padding-bottom: 3% !important;}&#8221;][vc_column_text css=&#8221;.vc_custom_1435683737077{margin-bottom: 0px !important;}&#8221;]<\/p>\n<p style=\"text-align: center;\"><span style=\"color: #ec7a5c;\"><strong>Erz\u00e4hlen als Gesamtkunstwerk<\/strong><\/span><\/p>\n<p>[\/vc_column_text][vc_column_text css=&#8221;.vc_custom_1435683749711{margin-bottom: 0px !important;}&#8221;]<\/p>\n<h1 style=\"text-align: center;\"><strong>Impressum<\/strong><\/h1>\n<p>[\/vc_column_text][\/vc_column][\/vc_row][vc_row type=&#8221;boxed&#8221; background_style=&#8221;normal&#8221;][vc_column][vc_column_text]<span style=\"color: #ec7a5c;\"><strong>INHABERIN DIESER SEITE UND F\u00dcR DIE INHALTE VERANTWORTLICH<\/strong><\/span>[\/vc_column_text][vc_row_inner css=&#8221;.vc_custom_1410358946799{margin-bottom: 20px !important;}&#8221;][vc_column_inner width=&#8221;1\/2&#8243; css=&#8221;.vc_custom_1410358507947{padding-right: 5% !important;}&#8221;][vc_column_text]<strong>Heike Vigl<\/strong><\/p>\n<p><span style=\"color: #808080;\">Wolfgrubnerstr. 4<br \/>\nI-39054 Oberbozen Ritten<br \/>\nS\u00fcdtirol &#8211; (ITALIEN)<\/span>[\/vc_column_text][\/vc_column_inner]<\/p>\n<p>[vc_column_inner width=&#8221;1\/2&#8243; css=&#8221;.vc_custom_1410358522387{padding-right: 5% !important;}&#8221;][vc_column_text]<strong>Kontakt <\/strong><\/p>\n<p><span style=\"color: #808080;\">E-Mail: <a href=\"mailto:info@heikevigl.it\">info@heikevigl.it<\/a><br \/>\nMobil: +39 340 5675773<br \/>\n<\/span>[\/vc_column_text][\/vc_column_inner][\/vc_row_inner][\/vc_column][\/vc_row][vc_row type=&#8221;boxed&#8221; background_style=&#8221;normal&#8221; css=&#8221;.vc_custom_1410359860044{padding-top: 30px !important;padding-bottom: 65px !important;}&#8221;][vc_column][vc_separator][\/vc_column][\/vc_row][vc_row type=&#8221;boxed&#8221; background_style=&#8221;normal&#8221;][vc_column][vc_column_text]<span style=\"color: #ec7a5c;\"><strong>PRIVACY &amp; DISCLAIMER<\/strong><\/span>[\/vc_column_text][vc_row_inner css=&#8221;.vc_custom_1410358939666{margin-bottom: 20px !important;}&#8221;][vc_column_inner width=&#8221;1\/2&#8243; css=&#8221;.vc_custom_1410358507947{padding-right: 5% !important;}&#8221;][vc_column_text]<strong>Urheberrecht<\/strong><\/p>\n<p><span style=\"color: #808080;\">Das Urheberrecht an den Inhalten dieser Webseite oder an Teilen davon liegt bei Heike Vigl oder bei demjenigen, dem Heike Vigl ein entsprechendes Nutzungsrecht einr\u00e4umt. Jede umfangreichere Vervielf\u00e4ltigung, \u00fcbertragung oder Verbreitung der Inhalte der Webseite ist ohne ausdr\u00fcckliche Einwilligung untersagt.<br \/>\nDiese Webseite enth\u00e4lt Verkn\u00fcpfungen zu Webseiten Dritter (&#8220;externe Links&#8221;). Jegliche Haftung im Zusammenhang mit der Nutzung der externen Links wird ausgeschlossen. <\/span><\/p>\n<p>Fotos von Marion Overkamp, Heinz Innerhofer, Chris Haller, Paul Fr\u00f6tscher und Sepp Kusstatscher.<br \/>\nZeichnungen von Heike Vigl.<br \/>\nMusik von Heike Vigl und Chris Haller.<\/p>\n<p>[\/vc_column_text][\/vc_column_inner]<\/p>\n<p>[vc_column_inner width=&#8221;1\/2&#8243; css=&#8221;.vc_custom_1410358522387{padding-right: 5% !important;}&#8221;][vc_column_text]<strong>Datenschutz (Privacy)<\/strong><\/p>\n<p><span style=\"color: #808080;\">Kundendaten werden im Sinne des Gesetzesdekrets Nr. 196\/2003 behandelt und lediglich zur Bearbeitung des mit der Anfrage verbundenen Sachverhalts verwendet. Die Daten werden in schriftlicher oder elektronischer Form und unter Einhaltung aller Sicherheitsma\u00dfnahmen behandelt. Ohne ausdr\u00fccklichen Einwilligung werden die Daten nicht an Dritte \u00fcbermitteln. Heike Vigl garantiert, dass die eingegebenen Informationen vertraulich behandelt werden. <\/span><\/p>\n<p><b>Webdesign:<\/b> <a href=\"https:\/\/studio-creation.it\" target=\"_blank\" rel=\"noopener\">Internetagentur S\u00fcdtirol<\/a><br \/>\nGraphic Studio Creation KG<br \/>\nSch\u00f6lzhorn &amp; Hohenegger, Sterzing [\/vc_column_text][\/vc_column_inner][\/vc_row_inner][\/vc_column][\/vc_row][vc_row type=&#8221;boxed&#8221; background_style=&#8221;normal&#8221; css=&#8221;.vc_custom_1410359869569{padding-top: 30px !important;padding-bottom: 65px !important;}&#8221;][vc_column][vc_separator][\/vc_column][\/vc_row][vc_row type=&#8221;boxed&#8221; background_style=&#8221;normal&#8221;][vc_column][vc_column_text]<span style=\"color: #ec7a5c;\"><strong>INFORMATIONEN ZU COOKIES<\/strong><\/span>[\/vc_column_text][vc_row_inner css=&#8221;.vc_custom_1410358939666{margin-bottom: 20px !important;}&#8221;][vc_column_inner width=&#8221;1\/2&#8243; css=&#8221;.vc_custom_1410358507947{padding-right: 5% !important;}&#8221;][vc_column_text]<strong>Was sind Cookies?<\/strong><\/p>\n<p><span style=\"color: #808080;\">Ein HTTP Cookie, auch nur Cookie genannt, ist in seiner wesenhaften Form eine Textdatei welche sich auf einem Rechner befindet. Sie enth\u00e4lt \u00fcblicherweise Daten \u00fcber besuchte Webseiten, welche die Browser-Software beim Surfen im Netz ohne Aufruf speichert. Wenn ein Anwender des \u00f6fteren eine verschl\u00fcsselte Internetseite besucht, muss dieser dank eines Cookies sich nicht mehr jedes Mal erneut anmelden. Die Internetseite erh\u00e4lt die Information vom Cookie, dass der Anwender die Seite bereits besucht hat. Ein Cookie kann auch Informationen \u00fcber verwickeltes und privates Internetverhalten aufnehmen und diese ohne Einverst\u00e4ndnis an andere Adressen weiterleiten. Das Cookie ist vom Verwender jederzeit pr\u00fcfbar und auch l\u00f6schbar, da dieses sichtbar ist. Durch ein Cookie m\u00fcssen Sie somit nicht jedes einzelne Mal dieselben Informationen auf derselben Internetseite eingeben..<\/span>[\/vc_column_text][\/vc_column_inner][vc_column_inner width=&#8221;1\/2&#8243; css=&#8221;.vc_custom_1410358522387{padding-right: 5% !important;}&#8221;][vc_column_text]<strong>Warum nutzt www.heikevigl.it Cookies?<\/strong><\/p>\n<p><span style=\"color: #808080;\">Um Ihnen eine bestm\u00f6gliche, zugeschnittene Surferfahrung zu bieten, verwendet www.heikevigl.it Cookies. Durch deren Verwendung kann www.heikevigl.it gew\u00e4hrleisten, dass Ihnen dieselben Nachrichten nicht immer und immer wieder erscheinen, wenn Sie die Homepage erneut besuchen. Cookies helfen auch bei der Umgestaltung der Performance einer Homepage. Damit Ihre pers\u00f6nlichen Angaben gesch\u00fctzt werden und auch um Informationsverlust oder illegales Benehmen zu meiden, verwendet www.heikevigl.it angemessene organisatorische und technische Handlungen. <\/span>[\/vc_column_text][\/vc_column_inner][\/vc_row_inner][vc_row_inner css=&#8221;.vc_custom_1410358939666{margin-bottom: 20px !important;}&#8221;][vc_column_inner width=&#8221;1\/2&#8243; css=&#8221;.vc_custom_1410358507947{padding-right: 5% !important;}&#8221;][vc_column_text]<strong>Wie kann ich Cookies deaktivieren?<\/strong><\/p>\n<p><span style=\"color: #808080;\">Falls Sie die Cookies sperren oder entfernen wollen k\u00f6nnen Sie dies ganz einfach in den Interneteinstellungen durchf\u00fchren. Zur Organisation von Cookies erm\u00f6glichen Ihnen die meisten Browser, die Cookies an-oder abzulehnen bzw. nur einige Arten von Cookies anzunehmen. In der Hilfe-Funktion eines jeden Browsers finden Sie die Vorgangsweise zur Verwaltung und Entfernung der Cookies.<\/span>[\/vc_column_text][\/vc_column_inner][vc_column_inner width=&#8221;1\/2&#8243; css=&#8221;.vc_custom_1410358522387{padding-right: 5% !important;}&#8221;][vc_column_text]<strong>Hinweis<\/strong><\/p>\n<p><span style=\"color: #808080;\">Sollten Sie die Verwendung von Cookies eingrenzen, k\u00f6nnen Sie nicht alle interaktiven Funktionen unserer Homepage www.heikevigl.it n\u00fctzen. <\/span>[\/vc_column_text][\/vc_column_inner][\/vc_row_inner][\/vc_column][\/vc_row][vc_row font_color=&#8221;#000000&#8243; css=&#8221;.vc_custom_1449524164907{padding-top: 60px !important;padding-bottom: 60px !important;background-color: #eaeaea !important;background-position: center !important;background-repeat: no-repeat !important;background-size: cover !important;}&#8221; background_style=&#8221;normal&#8221;][vc_column][vc_column_text css=&#8221;.vc_custom_1612813282389{margin-bottom: 0px !important;}&#8221;]<\/p>\n<h3 style=\"text-align: center;\">Noch eine Frage unbeantwortet?<br \/>\n<a title=\"Kontakt zu Heike Vigl\" href=\"http:\/\/heikevigl.it\/storyteller\/kontakt\/\"><span style=\"text-decoration: underline; color: #ec7a5c;\">Kontaktieren Sie mich<\/span><\/a><\/h3>\n<p>[\/vc_column_text][\/vc_column][\/vc_row][vc_row][vc_column][\/vc_column][\/vc_row]<\/p>\n<\/section>","protected":false},"excerpt":{"rendered":"<p>[vc_row css=&#8221;.vc_custom_1410358112693{padding-top: 45px !important;padding-bottom: 45px !important;}&#8221; background_style=&#8221;normal&#8221;][vc_column css=&#8221;.vc_custom_1410358381468{padding-top: 3% !important;padding-bottom: 3% !important;}&#8221;][vc_column_text css=&#8221;.vc_custom_1435683737077{margin-bottom: 0px !important;}&#8221;] Erz\u00e4hlen als Gesamtkunstwerk [\/vc_column_text][vc_column_text css=&#8221;.vc_custom_1435683749711{margin-bottom: 0px !important;}&#8221;] Impressum [\/vc_column_text][\/vc_column][\/vc_row][vc_row type=&#8221;boxed&#8221; background_style=&#8221;normal&#8221;][vc_column][vc_column_text]INHABERIN DIESER SEITE UND F\u00dcR DIE INHALTE VERANTWORTLICH[\/vc_column_text][vc_row_inner css=&#8221;.vc_custom_1410358946799{margin-bottom: 20px !important;}&#8221;][vc_column_inner width=&#8221;1\/2&#8243; css=&#8221;.vc_custom_1410358507947{padding-right: 5% !important;}&#8221;][vc_column_text]Heike Vigl Wolfgrubnerstr. 4 I-39054 Oberbozen Ritten S\u00fcdtirol &#8211; (ITALIEN)[\/vc_column_text][\/vc_column_inner] [vc_column_inner width=&#8221;1\/2&#8243; css=&#8221;.vc_custom_1410358522387{padding-right: 5% !important;}&#8221;][vc_column_text]Kontakt E-Mail: [&hellip;]<\/p>\n","protected":false},"author":1,"featured_media":0,"parent":0,"menu_order":0,"comment_status":"closed","ping_status":"closed","template":"page-boxed.php","meta":{"footnotes":""},"class_list":["post-245","page","type-page","status-publish","hentry"],"publishpress_future_action":{"enabled":false,"date":"2026-04-15 18:40:44","action":"change-status","newStatus":"draft","terms":[],"taxonomy":"","extraData":[]},"publishpress_future_workflow_manual_trigger":{"enabledWorkflows":[]},"_links":{"self":[{"href":"https:\/\/heikevigl.it\/storyteller\/wp-json\/wp\/v2\/pages\/245","targetHints":{"allow":["GET"]}}],"collection":[{"href":"https:\/\/heikevigl.it\/storyteller\/wp-json\/wp\/v2\/pages"}],"about":[{"href":"https:\/\/heikevigl.it\/storyteller\/wp-json\/wp\/v2\/types\/page"}],"author":[{"embeddable":true,"href":"https:\/\/heikevigl.it\/storyteller\/wp-json\/wp\/v2\/users\/1"}],"replies":[{"embeddable":true,"href":"https:\/\/heikevigl.it\/storyteller\/wp-json\/wp\/v2\/comments?post=245"}],"version-history":[{"count":26,"href":"https:\/\/heikevigl.it\/storyteller\/wp-json\/wp\/v2\/pages\/245\/revisions"}],"predecessor-version":[{"id":4112,"href":"https:\/\/heikevigl.it\/storyteller\/wp-json\/wp\/v2\/pages\/245\/revisions\/4112"}],"wp:attachment":[{"href":"https:\/\/heikevigl.it\/storyteller\/wp-json\/wp\/v2\/media?parent=245"}],"curies":[{"name":"wp","href":"https:\/\/api.w.org\/{rel}","templated":true}]}}