{"id":2340,"date":"2015-06-27T20:41:11","date_gmt":"2015-06-27T20:41:11","guid":{"rendered":"http:\/\/heikevigl.it\/storyteller\/?page_id=2340"},"modified":"2021-02-10T13:16:21","modified_gmt":"2021-02-10T13:16:21","slug":"fotoalbum-heike-vigl","status":"publish","type":"page","link":"https:\/\/heikevigl.it\/storyteller\/fuer-aug-und-ohr\/aug\/fotoalbum-heike-vigl\/","title":{"rendered":"Fotos in Farbe"},"content":{"rendered":"<section class=\"wpb-content-wrapper\"><p>[vc_row font_color=&#8221;#000000&#8243; css=&#8221;.vc_custom_1446659605113{padding-top: 30px !important;background-color: #f4f4f4 !important;}&#8221; background_style=&#8221;normal&#8221;][vc_column][vc_column_text css=&#8221;.vc_custom_1446659535300{margin-bottom: 25px !important;}&#8221;]<\/p>\n<h3 style=\"text-align: center;\"><strong>Es war kein guter Tag f\u00fcr den Esel.<br \/>\nDer M\u00fcller, sein Herr, wollte ihn ausmustern.<br \/>\nEr sei zu alt, hie\u00df es<\/strong><\/h3>\n<p>[\/vc_column_text][vc_row_inner type=&#8221;boxed&#8221;][\/vc_row_inner][\/vc_column][\/vc_row][vc_row type=&#8221;boxed&#8221; font_color=&#8221;#000000&#8243;][vc_column][vc_media_grid grid_id=&#8221;vc_gid:1447175639930-d0178bb9-02eb-1&#8243; include=&#8221;2661,2190,2191,2351,2189,2353&#8243;][\/vc_column][\/vc_row]<\/p>\n<\/section>","protected":false},"excerpt":{"rendered":"<p>[vc_row font_color=&#8221;#000000&#8243; css=&#8221;.vc_custom_1446659605113{padding-top: 30px !important;background-color: #f4f4f4 !important;}&#8221; background_style=&#8221;normal&#8221;][vc_column][vc_column_text css=&#8221;.vc_custom_1446659535300{margin-bottom: 25px !important;}&#8221;] Es war kein guter Tag f\u00fcr den Esel. Der M\u00fcller, sein Herr, wollte ihn ausmustern. Er sei zu alt, hie\u00df es [\/vc_column_text][vc_row_inner type=&#8221;boxed&#8221;][\/vc_row_inner][\/vc_column][\/vc_row][vc_row type=&#8221;boxed&#8221; font_color=&#8221;#000000&#8243;][vc_column][vc_media_grid grid_id=&#8221;vc_gid:1447175639930-d0178bb9-02eb-1&#8243; include=&#8221;2661,2190,2191,2351,2189,2353&#8243;][\/vc_column][\/vc_row]<\/p>\n","protected":false},"author":1,"featured_media":0,"parent":2565,"menu_order":0,"comment_status":"closed","ping_status":"closed","template":"page-full-width.php","meta":{"footnotes":""},"class_list":["post-2340","page","type-page","status-publish","hentry"],"publishpress_future_action":{"enabled":false,"date":"2026-04-22 00:27:11","action":"change-status","newStatus":"draft","terms":[],"taxonomy":"","extraData":[]},"publishpress_future_workflow_manual_trigger":{"enabledWorkflows":[]},"_links":{"self":[{"href":"https:\/\/heikevigl.it\/storyteller\/wp-json\/wp\/v2\/pages\/2340","targetHints":{"allow":["GET"]}}],"collection":[{"href":"https:\/\/heikevigl.it\/storyteller\/wp-json\/wp\/v2\/pages"}],"about":[{"href":"https:\/\/heikevigl.it\/storyteller\/wp-json\/wp\/v2\/types\/page"}],"author":[{"embeddable":true,"href":"https:\/\/heikevigl.it\/storyteller\/wp-json\/wp\/v2\/users\/1"}],"replies":[{"embeddable":true,"href":"https:\/\/heikevigl.it\/storyteller\/wp-json\/wp\/v2\/comments?post=2340"}],"version-history":[{"count":14,"href":"https:\/\/heikevigl.it\/storyteller\/wp-json\/wp\/v2\/pages\/2340\/revisions"}],"predecessor-version":[{"id":2663,"href":"https:\/\/heikevigl.it\/storyteller\/wp-json\/wp\/v2\/pages\/2340\/revisions\/2663"}],"up":[{"embeddable":true,"href":"https:\/\/heikevigl.it\/storyteller\/wp-json\/wp\/v2\/pages\/2565"}],"wp:attachment":[{"href":"https:\/\/heikevigl.it\/storyteller\/wp-json\/wp\/v2\/media?parent=2340"}],"curies":[{"name":"wp","href":"https:\/\/api.w.org\/{rel}","templated":true}]}}