{"id":231,"date":"2014-11-18T15:02:03","date_gmt":"2014-11-18T15:02:03","guid":{"rendered":"http:\/\/shopkeeper.getbowtied.com\/blank\/?page_id=231"},"modified":"2015-12-21T14:19:06","modified_gmt":"2015-12-21T14:19:06","slug":"die-erzaehlerin","status":"publish","type":"page","link":"https:\/\/heikevigl.it\/storyteller\/die-erzaehlerin\/","title":{"rendered":"Die Erz\u00e4hlerin"},"content":{"rendered":"<section class=\"wpb-content-wrapper\"><p>[vc_row columns_height=&#8221;adjust_cols_height&#8221; background_style=&#8221;normal&#8221;][vc_column width=&#8221;1\/2&#8243; css=&#8221;.vc_custom_1446564147775{background-image: url(http:\/\/heikevigl.it\/storyteller\/wp-content\/uploads\/2015\/06\/7.jpg?id=2189) !important;background-position: center !important;background-repeat: no-repeat !important;background-size: cover !important;}&#8221;][vc_empty_space height=&#8221;350px&#8221;][\/vc_column][vc_column width=&#8221;1\/2&#8243; css=&#8221;.vc_custom_1415621660959{padding-top: 12% !important;padding-right: 8% !important;padding-bottom: 8% !important;padding-left: 8% !important;}&#8221;][vc_column_text]<\/p>\n<h1 style=\"text-align: center;\"><strong><span style=\"font-size: 200%;\">Heike Vigl<\/span><\/strong><\/h1>\n<p>[\/vc_column_text][vc_column_text]<\/p>\n<p style=\"text-align: center;\"><span style=\"color: #808080;\">muszierende Erz\u00e4hlerin &#8211; erz\u00e4hlende Musikerin<br \/>\n<\/span><\/p>\n<p>[\/vc_column_text][vc_separator][vc_column_text]Die Quintessenz des Erz\u00e4hlens ist es,<br \/>\neine kurze, schlichte und dabei elegante Geschichte zu erz\u00e4hlen<br \/>\nSo, wie das kleine Schwarze:<br \/>\nkurz, einfach, klassisch, unvergesslich.<\/p>\n<p>Manchmal aber sind die Geschichten auch lang.<br \/>\nDoch auch damit werde ich dich in meinen Bann ziehen.<br \/>\nDu wirst mir zuh\u00f6ren, an meinen Lippen h\u00e4ngen,<br \/>\negal ob die Geschichte<br \/>\nzum Lachen oder Weinen,<br \/>\nzum Nachdenken oder Tr\u00e4umen<br \/>\nzu Schmunzeln oder Staunen ist.<br \/>\nImmer werden es die Bilder in deinem Kopf sein \u2013<br \/>\ngewirkt durch meine Erz\u00e4hlkunst \u2013<br \/>\ndie dich verzaubern.<\/p>\n<p>Seit 2010 z\u00e4hlt seit das M\u00e4rchenerz\u00e4hlen in \u00d6sterreich zum Immateriellen Weltkulturerbe der UNESCO.[\/vc_column_text][vc_separator][vc_row_inner css=&#8221;.vc_custom_1412679223514{margin-top: 35px !important;}&#8221;][vc_column_inner width=&#8221;1\/2&#8243;][vc_column_text]<\/p>\n<p style=\"text-align: left;\"><strong>Anschrift<br \/>\n<\/strong><\/p>\n<p style=\"text-align: left;\"><span style=\"color: #808080;\">Wolfsgrubnerstra\u00dfe 4<br \/>\nI-39054 Oberbozen\/ Ritten<br \/>\nITALIEN<br \/>\n<\/span><\/p>\n<p>[\/vc_column_text][\/vc_column_inner][vc_column_inner width=&#8221;1\/2&#8243;][vc_column_text]<\/p>\n<p style=\"text-align: left;\"><strong>Kontakt<br \/>\n<\/strong><\/p>\n<p style=\"text-align: left;\"><span style=\"color: #808080;\">E-Mail: <a href=\"mailto:info@heikevigl.it\">info@heikevigl.it<\/a><br \/>\nMobil: +39 340 5675773<br \/>\nTel.: +39 0471 345056<br \/>\n<\/span><\/p>\n<p>[\/vc_column_text][\/vc_column_inner][\/vc_row_inner][\/vc_column][\/vc_row]<\/p>\n<\/section>","protected":false},"excerpt":{"rendered":"<p>[vc_row columns_height=&#8221;adjust_cols_height&#8221; background_style=&#8221;normal&#8221;][vc_column width=&#8221;1\/2&#8243; css=&#8221;.vc_custom_1446564147775{background-image: url(http:\/\/heikevigl.it\/storyteller\/wp-content\/uploads\/2015\/06\/7.jpg?id=2189) !important;background-position: center !important;background-repeat: no-repeat !important;background-size: cover !important;}&#8221;][vc_empty_space height=&#8221;350px&#8221;][\/vc_column][vc_column width=&#8221;1\/2&#8243; css=&#8221;.vc_custom_1415621660959{padding-top: 12% !important;padding-right: 8% !important;padding-bottom: 8% !important;padding-left: 8% !important;}&#8221;][vc_column_text] Heike Vigl [\/vc_column_text][vc_column_text] muszierende Erz\u00e4hlerin &#8211; erz\u00e4hlende Musikerin [\/vc_column_text][vc_separator][vc_column_text]Die Quintessenz des Erz\u00e4hlens ist es, eine kurze, schlichte und dabei elegante Geschichte zu erz\u00e4hlen So, wie das kleine Schwarze: kurz, einfach, klassisch, [&hellip;]<\/p>\n","protected":false},"author":1,"featured_media":0,"parent":0,"menu_order":0,"comment_status":"closed","ping_status":"closed","template":"page-full-width.php","meta":{"footnotes":""},"class_list":["post-231","page","type-page","status-publish","hentry"],"publishpress_future_action":{"enabled":false,"date":"2026-04-15 18:39:30","action":"change-status","newStatus":"draft","terms":[],"taxonomy":"","extraData":[]},"publishpress_future_workflow_manual_trigger":{"enabledWorkflows":[]},"_links":{"self":[{"href":"https:\/\/heikevigl.it\/storyteller\/wp-json\/wp\/v2\/pages\/231","targetHints":{"allow":["GET"]}}],"collection":[{"href":"https:\/\/heikevigl.it\/storyteller\/wp-json\/wp\/v2\/pages"}],"about":[{"href":"https:\/\/heikevigl.it\/storyteller\/wp-json\/wp\/v2\/types\/page"}],"author":[{"embeddable":true,"href":"https:\/\/heikevigl.it\/storyteller\/wp-json\/wp\/v2\/users\/1"}],"replies":[{"embeddable":true,"href":"https:\/\/heikevigl.it\/storyteller\/wp-json\/wp\/v2\/comments?post=231"}],"version-history":[{"count":49,"href":"https:\/\/heikevigl.it\/storyteller\/wp-json\/wp\/v2\/pages\/231\/revisions"}],"predecessor-version":[{"id":2854,"href":"https:\/\/heikevigl.it\/storyteller\/wp-json\/wp\/v2\/pages\/231\/revisions\/2854"}],"wp:attachment":[{"href":"https:\/\/heikevigl.it\/storyteller\/wp-json\/wp\/v2\/media?parent=231"}],"curies":[{"name":"wp","href":"https:\/\/api.w.org\/{rel}","templated":true}]}}